{"id":1088,"date":"2021-12-23T18:01:10","date_gmt":"2021-12-23T18:01:10","guid":{"rendered":"https:\/\/fanfare.ro\/causes\/"},"modified":"2025-10-04T20:45:34","modified_gmt":"2025-10-04T20:45:34","slug":"anunturi","status":"publish","type":"page","link":"https:\/\/fanfare.ro\/?page_id=1088","title":{"rendered":"\ud83d\udcdd Anun\u021buri"},"content":{"rendered":"\n<p>Email fanfare.ro (at) gmail.com<\/p>\n\n\n\n<p>Anuntul va aparea doar dupa ce va fi verificat de catre administrator!<br>Daca doriti publicarea adresei de email in anunt, va rog sa o includeti si in textul anuntului.<br>Dupa ce produsul s-a vandut, va rog sa reveniti cu un email pentru ca anuntul sa fie sters!<\/p>\n\n\n\n<hr class=\"wp-block-separator has-alpha-channel-opacity\"\/>\n\n\n\n<p>17.06.2024 Suntem o fanfara Elve\u021bian\u0103, din jude\u021bul VS. Recent am schimbat uniforma \u0219i c\u0103ut\u0103m o fanfar\u0103 motivat\u0103 s\u0103 o facem cadou. Avem disponibile 60 costume de diferite m\u0103rimi. Detalii g\u0103si\u021bi \u00een imaginea de mai jos \u015fi pot fi contactat pe e-mail guillaume.luisier@gmail.com .<\/p>\n\n\n\n<figure class=\"wp-block-gallery has-nested-images columns-default is-cropped wp-block-gallery-1 is-layout-flex wp-block-gallery-is-layout-flex\">\n<figure class=\"wp-block-image size-large\"><img loading=\"lazy\" decoding=\"async\" width=\"1024\" height=\"765\" data-id=\"1898\" src=\"https:\/\/fanfare.ro\/wp-content\/uploads\/2024\/06\/costume.jpeg\" alt=\"\" class=\"wp-image-1898\" srcset=\"https:\/\/fanfare.ro\/wp-content\/uploads\/2024\/06\/costume.jpeg 1024w, https:\/\/fanfare.ro\/wp-content\/uploads\/2024\/06\/costume-300x224.jpeg 300w, https:\/\/fanfare.ro\/wp-content\/uploads\/2024\/06\/costume-768x574.jpeg 768w, https:\/\/fanfare.ro\/wp-content\/uploads\/2024\/06\/costume-850x635.jpeg 850w\" sizes=\"auto, (max-width: 1024px) 100vw, 1024px\" \/><\/figure>\n<\/figure>\n\n\n\n<hr class=\"wp-block-separator has-alpha-channel-opacity\"\/>\n\n\n\n<p>11.01.2020\u00a0Vand althorn Mib Besson stare buna ,Vincent Bach c3,cutie originala.0756411549<\/p>\n\n\n\n<hr class=\"wp-block-separator has-alpha-channel-opacity\"\/>\n\n\n\n<p>09.02.2019\u00a0Vand fligorn Getzen Eterna USA in perfecta stare, pret 900 euro. Tel: 0757430808. Email:\u00a0<a rel=\"noreferrer noopener\" href=\"mailto:yannakis111@gmail.com\" target=\"_blank\">yannakis111@gmail.com<\/a><\/p>\n\n\n\n<hr class=\"wp-block-separator has-alpha-channel-opacity\"\/>\n\n\n\n<p>27.01.2019\u00a0Biserica Baptist\u0103 Tulca (BH) vinde 4 baritoni Amati Bb-BARITONE ABH 225C. Instrumentele sunt folosite, dar \u00een stare bun\u0103 de func\u021bionare. Au cutie pentru depozitare \u0219i transport. Pre\u021b 400 euro \/ bucata \u2013 negociabil.\u00a0Mai multe detalii pute\u021bi ob\u021bine de la\u00a0<a href=\"https:\/\/www.facebook.com\/andrei.cotrau.1?__tn__=%2CdK-R-R&amp;eid=ARDZ6J4eqXBCJuACOp7SRTteQhkH7xJIozHBqlw1azFuVBhiaZFc5Pt2d169UFx-a4jUF_42tG4uTSar&amp;fref=mentions\">Andrei Cotrau<\/a>\u00a0sau la nr. de telefon 0756 037 471.<\/p>\n\n\n\n<hr class=\"wp-block-separator has-alpha-channel-opacity\"\/>\n","protected":false},"excerpt":{"rendered":"<p>Email fanfare.ro (at) gmail.com Anuntul va aparea doar dupa ce va fi verificat de catre administrator!Daca doriti publicarea adresei de email in anunt, va rog sa o includeti si in textul anuntului.Dupa ce produsul s-a vandut, va rog sa reveniti cu un email pentru ca anuntul sa fie sters! 17.06.2024 Suntem o fanfara Elve\u021bian\u0103, din&#8230;<\/p>\n","protected":false},"author":1,"featured_media":0,"parent":0,"menu_order":0,"comment_status":"closed","ping_status":"closed","template":"","meta":{"footnotes":""},"class_list":["post-1088","page","type-page","status-publish","hentry"],"jetpack_sharing_enabled":true,"_links":{"self":[{"href":"https:\/\/fanfare.ro\/index.php?rest_route=\/wp\/v2\/pages\/1088","targetHints":{"allow":["GET"]}}],"collection":[{"href":"https:\/\/fanfare.ro\/index.php?rest_route=\/wp\/v2\/pages"}],"about":[{"href":"https:\/\/fanfare.ro\/index.php?rest_route=\/wp\/v2\/types\/page"}],"author":[{"embeddable":true,"href":"https:\/\/fanfare.ro\/index.php?rest_route=\/wp\/v2\/users\/1"}],"replies":[{"embeddable":true,"href":"https:\/\/fanfare.ro\/index.php?rest_route=%2Fwp%2Fv2%2Fcomments&post=1088"}],"version-history":[{"count":11,"href":"https:\/\/fanfare.ro\/index.php?rest_route=\/wp\/v2\/pages\/1088\/revisions"}],"predecessor-version":[{"id":2235,"href":"https:\/\/fanfare.ro\/index.php?rest_route=\/wp\/v2\/pages\/1088\/revisions\/2235"}],"wp:attachment":[{"href":"https:\/\/fanfare.ro\/index.php?rest_route=%2Fwp%2Fv2%2Fmedia&parent=1088"}],"curies":[{"name":"wp","href":"https:\/\/api.w.org\/{rel}","templated":true}]}}