{"id":1402,"date":"2022-01-28T23:53:00","date_gmt":"2022-01-28T21:53:00","guid":{"rendered":"https:\/\/fanfare.ro\/causes\/"},"modified":"2025-10-04T20:49:25","modified_gmt":"2025-10-04T20:49:25","slug":"fortefortissimo","status":"publish","type":"page","link":"https:\/\/fanfare.ro\/?page_id=1402","title":{"rendered":"\ud834\udd1e Forte-Fortissimo"},"content":{"rendered":"<div class=\"x11i5rnm xat24cr x1mh8g0r x1vvkbs xdj266r x126k92a\">\n<div dir=\"auto\">V\u0103 inform\u0103m c\u0103 \u00een urma alegerilor din data de 18.03.2023, au fost desemna\u021bi urm\u0103torii membri ai Bordului de conducere:<\/div>\n<\/div>\n<div class=\"x11i5rnm xat24cr x1mh8g0r x1vvkbs xtlvy1s x126k92a\">\n<div dir=\"auto\">\u2022 pre\u0219edinte Puiu Muntean<\/div>\n<div dir=\"auto\">\u2022 vicepre\u0219edinte Ciprian Ilonca<\/div>\n<div dir=\"auto\">\u2022 vicepre\u0219edinte Silvius Avram<\/div>\n<div dir=\"auto\">\u2022 secretar Emanuel Bo\u021boc<\/div>\n<div dir=\"auto\"><img decoding=\"async\" src=\"https:\/\/fanfare.ro\/wp-content\/uploads\/2023\/03\/fortefortissimo2023.jpg\" \/><\/div>\n<\/div>\n<div dir=\"auto\">\u00a0<\/div>\n\n\n<pre class=\"wp-block-code\"><code><strong>ASOCIA\u021aIA MUZICAL\u0102 \u201eFORTE FORTISSIMO\u201d<\/strong>\n<strong><em>MEMBRI FONDATORI:<\/em><\/strong>\n<strong>Presedinte \u2013 PROF.UNIV.DR. IOAN POP\nVicepresedinte \u2013 <span style=\"text-decoration: underline;\">PETRICA FRUNZAU<\/span> \u2013 Micalaca Arad\nSecretar \u2013 Gigi Pop \u2013 biserica Sfanta Treime Deva<\/strong>\nAsocatia muzicala Forte-Fortissimo a fanfarelor din Romania organizeaza in fiecare an festivaluri zonale, in diferite centre cu traditie in vederea stimularii acestui gen de muzica in bisericile evanghelice din tara si din strainatate.\n\n<strong>Tabara de vara Forte-Fortissimo de suflatori pentru copii si tineret 2009<\/strong> Asociatia muzicala Forte-Fortissimo si Universitatea Emanuel Oradea organizeaza in perioada 31 august \u2013 04 septembrie 2009 in Campusul Universitatii din Oradea Str.Nufarului 87, a IV-a editie a taberelor de vara Forte-Fortissimo de suflatori, pentru copii si tineret cu varsta intre 10 si 19 ani. Costul este 150 lei de persoana. Concertul final este in 4 septembrie. Numarul locurilor in campus este limitat la 160. Inscrierile se fac pe adresa de email ioan.pop@emanuel.ro, specificand: nume si prenume, varsta, instrument, vechime, biserica de unde provine. Veniti cu instrumentul in stare buna! Presedinte Ioan Pop.\n\n<strong>13. nov. 2004<\/strong> Societatea muzicala \u201eForte Fortissimo\u201d organizeaza \u00een Arad, a X-a editie a Festivalului fanfarelor de copii si tineret. Evenimentul va avea loc la ora 10.00 la Biserica Baptista \u201eRenasterea\u201d din Arad (Micalaca), unde sunt asteptate sa concerteze formatii din Bistrita Nasaud, Cluj, Lugoj, dar si Arad. \u201eScopul acestor evenimente este de a promova muzica de fanfara \u00een Bisericile neoprotestante\u201d, a declarat Petru Frunzau, vicepresedintele societatii muzicale \u201eForte Fortissimo\u201d la nivel national.\n\n<strong>Festival de fanfare \u2013 Pecica iulie 2009<\/strong>  Biserica Baptista din Pecica \u2013 AR si Asociatia muzicala Forte Fortissimo organizeaza un festival de fanfara, in data de 18 iulie 2009, cu incepere la ora 10.00. Participa fanfare din judetul Arad ale bisericilor baptiste din Speranta Arad, Siria, Curtici si Pecica. \n\nB<strong>uteni 2006<\/strong>  Comuna Buteni si-a adjudecat desfasurarea (cu succes) a celei de a V-a parade internationale a fanfarelor. Principalii organizatori au fost si de asta-data Primaria Buteniului si Consiliul local, care ca si in trecut si acum s-au bucurat de sprijinul logistic al Centrului Cultural Judetean. Dupa cum am aflat din discutiile purtate cu presedintele juriului, prof. Alb Stefan, inca din prima zi a festivalului s-au prezentat formatiuni de o certa valoare artistica, incepand cu Fanfara de copii CRESCENDO din localitate, dirijata de Dan Miculit (in paranteza fie spus, unul din principalii actanti ai intregii manifestari), careia i-a urmat Fanfara FORTE FORTISSIMO din Arad, avandu-i ca dirijori pe Puiu Munteanu si Petrica Frunzau. Insa adevaratele surprize ale paradei le-au constituit fanfarele GOLGOTA din Bistrita si Cs\u00f3km\u00f3 din Ungaria. Repertoriul formatiilor a cuprins piese diverse, ca stil, de la marsuri, polci, prelucrari folclorice, pana la piese clasice din muzica universala (Strauss, Verdi), ridicand nivelul artistic al festivalului la inalte cote valorice. Pata de culoare a primei seri a fost data de Ansamblul folcloric DARVAS din Ungaria, care a prezentat un pitoresc spectacol de dansuri si obiceiuri maghiare. In ziua de 23 si-au dat concursul Fanfara Bisericii ortodoxe din Buteni, fanfara de copii VIVO din Almas, Fanfara PROVIDENTA din Tulca (Bihor) si Fanfara casei de cultura a Municipiului Arad. \n\n<strong>Bucuresti Golgota 2004<\/strong> In 12,13 si 14 martie a avut loc un asfel de festival la Bucuresti la biserica baptista Golgota cu participarea a sase formatii: Golgota Bucuresti, palatul copiilor Deva, Rachitova, Sebastian Bucuresti, Harul Lugoj, penticostala Carpati Cluj. Vineri seara a fost program cu fanfara din Lugoj la Golgota, iar fanfara din Cluj a cantat in biserica penticostala di Sos. Giurgiului. La reuniunea de sambata, in comisia de evaluare a fost prezent general Emilian Ursu cu maior gh. Tugui din partea Uniunii Compozitorilor - sectia fanfare. Revelatia festivalului, ca de altfel a fiecarui astfel de eveniment au fost copiii, fie impreuna cu tinerii sau adultii, dar mai ales in formatiile de copii. Diploma uniunii compozitorilor find inmanata formatiei palatului copiilor din Deva, pregatita de profesorul Octavian Luncan, fost colonel la muzica militara, actualmente un marturisitor al lucrarii Duhului lui Dumnezeu in viata lui, cu precadere fostilor colegi. Duminica dimineata formatiile de suflatori au cantat in biserici din Bucuresti Golgota, Ferentari, Sebastian, Giulesti, Popa Rusu, iar dupa masa la Brasov si Ramnicu Valcea. A fost o intalnire binecuvantata ca dealtfel multe altele pe durata celor 10 ani de existenta a acestei miscari in bisericile evanghelicedin Romania, in mod special in bisericile baptiste la care s-au alaturat o mica parte din fanfarele bisericilor penticostale. \n\nIn fiecare an la finele lunii octombrie are loc festivalul national, care se va desfasura in 2004 la biserica baptista Micalaca Arad, unde au fost organizate primele trei editii 1995, 1996 si 1997 urmatoarele editii avand loc la Deva 1998, Lugoj 1999, Cluj 2000, Timisoara 2001, Calacea Bihor 2002, Bocsa Romana 2003.\n\n\n<\/code><\/pre>\n","protected":false},"excerpt":{"rendered":"<p>V\u0103 inform\u0103m c\u0103 \u00een urma alegerilor din data de 18.03.2023, au fost desemna\u021bi urm\u0103torii membri ai Bordului de conducere: \u2022 pre\u0219edinte Puiu Muntean \u2022 vicepre\u0219edinte Ciprian Ilonca \u2022 vicepre\u0219edinte Silvius Avram \u2022 secretar Emanuel Bo\u021boc \u00a0<\/p>\n","protected":false},"author":1,"featured_media":0,"parent":0,"menu_order":0,"comment_status":"closed","ping_status":"closed","template":"","meta":{"footnotes":""},"class_list":["post-1402","page","type-page","status-publish","hentry"],"jetpack_sharing_enabled":true,"_links":{"self":[{"href":"https:\/\/fanfare.ro\/index.php?rest_route=\/wp\/v2\/pages\/1402","targetHints":{"allow":["GET"]}}],"collection":[{"href":"https:\/\/fanfare.ro\/index.php?rest_route=\/wp\/v2\/pages"}],"about":[{"href":"https:\/\/fanfare.ro\/index.php?rest_route=\/wp\/v2\/types\/page"}],"author":[{"embeddable":true,"href":"https:\/\/fanfare.ro\/index.php?rest_route=\/wp\/v2\/users\/1"}],"replies":[{"embeddable":true,"href":"https:\/\/fanfare.ro\/index.php?rest_route=%2Fwp%2Fv2%2Fcomments&post=1402"}],"version-history":[{"count":8,"href":"https:\/\/fanfare.ro\/index.php?rest_route=\/wp\/v2\/pages\/1402\/revisions"}],"predecessor-version":[{"id":2236,"href":"https:\/\/fanfare.ro\/index.php?rest_route=\/wp\/v2\/pages\/1402\/revisions\/2236"}],"wp:attachment":[{"href":"https:\/\/fanfare.ro\/index.php?rest_route=%2Fwp%2Fv2%2Fmedia&parent=1402"}],"curies":[{"name":"wp","href":"https:\/\/api.w.org\/{rel}","templated":true}]}}