{"id":2,"date":"2023-02-02T20:48:10","date_gmt":"2023-02-02T20:48:10","guid":{"rendered":"http:\/\/fanfare.ro\/?page_id=2"},"modified":"2025-12-08T12:42:23","modified_gmt":"2025-12-08T12:42:23","slug":"acasa","status":"publish","type":"page","link":"https:\/\/fanfare.ro\/","title":{"rendered":"\ud83c\udfe0 Acasa"},"content":{"rendered":"\n<ul class=\"wp-block-list\">\n<li><mark style=\"background-color:rgba(0, 0, 0, 0)\" class=\"has-inline-color has-vivid-red-color\">Nou! <\/mark><strong><mark style=\"background-color:rgba(0, 0, 0, 0)\" class=\"has-inline-color has-vivid-red-color\">08.12.2025<\/mark><\/strong> &#8211; \ud83c\udfbc\ud83c\udfb5\ud83c\udfb6 <a href=\"https:\/\/fanfare.ro\/?p=1959\">Partituri de Cr\u0103ciun pentru fanfar\u0103<\/a> \ud83c\udfba\ud83e\udd41\ud83c\udf84\ud83c\udf81\u2744\ufe0f\u2603\ufe0f<\/li>\n\n\n\n<li><mark style=\"background-color:rgba(0, 0, 0, 0)\" class=\"has-inline-color has-vivid-red-color\"><strong>15.04.2025<\/strong><\/mark> &#8211; <a href=\"https:\/\/fanfare.ro\/?page_id=446\">Actualizare list\u0103 c\u00e2nt\u0103ri &#8211; autori c\u00e2nt\u0103ri fanfar\u0103<\/a><\/li>\n\n\n\n<li><strong><mark style=\"background-color:rgba(0, 0, 0, 0)\" class=\"has-inline-color has-vivid-red-color\">24.03.2025<\/mark><\/strong> &#8211; \ud83c\udfba <a href=\"https:\/\/fanfare.ro\/?page_id=1662\">Posturi de radio cu muzic\u0103 de fanfar\u0103<\/a><\/li>\n\n\n\n<li><strong><mark style=\"background-color:rgba(0, 0, 0, 0)\" class=\"has-inline-color has-vivid-red-color\">30.01.2025<\/mark><\/strong> -\ud83d\udd6e <a href=\"https:\/\/fanfare.ro\/?page_id=1027\">Concurs de crea\u021bie muzical\u0103<\/a><\/li>\n\n\n\n<li>Unele din partiturile c\u00e2nt\u0103rilor prezentate, se pot comanda la adresa de email <em>fanfare.ro@gmail.com<\/em> <\/li>\n<\/ul>\n\n\n\n<div class=\"wp-block-columns alignwide is-layout-flex wp-container-core-columns-is-layout-9d6595d7 wp-block-columns-is-layout-flex\">\n<div class=\"wp-block-column has-text-color has-background has-link-color wp-elements-6a3716f9ad119faa26b15732b4686311 is-layout-flow wp-block-column-is-layout-flow\" style=\"color:#000000;background-color:#ffe97d;padding-top:2em;padding-right:2em;padding-bottom:2em;padding-left:2em\">\n<h5 class=\"wp-block-heading has-text-align-center\" id=\"single\" style=\"font-size:40px\">\u266b<\/h5>\n\n\n\n<p class=\"has-text-align-center has-normal-font-size\" style=\"line-height:1.5\"><strong>Sunte\u021bi bineveni\u021bi<\/strong><\/p>\n\n\n\n<hr class=\"wp-block-separator has-css-opacity is-style-wide\"\/>\n\n\n\n<p><sub>Dac\u0103 v\u0103 place muzica de fanfara \u0219i \u00eenchinarea \u00een biseric\u0103, v\u0103 invit\u0103m s\u0103 r\u0103sfoi\u021bi acest site. Promov\u0103m evenimente, aranjamente muzic\u0103 de fanfar\u0103, anun\u021buri v\u00e2nzare-cump\u0103rare instrumente, dar \u015fi partituri pentru cei care doresc s\u0103 c\u00e2nte lauda lui Dumnezeu, folosind instrumentele de fanfar\u0103. Unele din c\u00e2nt\u0103rile prezentate pe site, sunt cele la care avem \u0219i partiturile.<\/sub><\/p>\n\n\n\n<p><\/p>\n\n\n\n<div class=\"wp-block-buttons alignfull is-horizontal is-content-justification-center is-layout-flex wp-container-core-buttons-is-layout-499968f5 wp-block-buttons-is-layout-flex\">\n<div class=\"wp-block-button has-custom-width wp-block-button__width-100\"><a class=\"wp-block-button__link has-white-color has-text-color has-background no-border-radius wp-element-button\" href=\"https:\/\/fanfare.ro\/wp-admin\/\" style=\"background-color:#000000\" target=\"_blank\" rel=\"noreferrer noopener\">\u266b<\/a><\/div>\n<\/div>\n<\/div>\n\n\n\n<div class=\"wp-block-column has-text-color has-background has-link-color wp-elements-7c1ca9b5da956232379079950a11c473 is-layout-flow wp-block-column-is-layout-flow\" style=\"color:#000000;background-color:#d1d1e1;padding-top:2em;padding-right:2em;padding-bottom:2em;padding-left:2em\">\n<h3 class=\"wp-block-heading has-text-align-center\" id=\"family\" style=\"font-size:40px\">\u266b<\/h3>\n\n\n\n<p class=\"has-text-align-center has-normal-font-size\" style=\"line-height:1.5\"><strong>\u266b <strong><em><a href=\"https:\/\/fanfare.ro\/?page_id=223\">Ascult\u0103 aranjamente pentru fanfar\u0103<\/a><\/em><\/strong> \u266b<\/strong><\/p>\n\n\n\n<hr class=\"wp-block-separator has-css-opacity is-style-wide\"\/>\n\n\n\n<p><sup>Aceast\u0103 pagin\u0103 a luat fiin\u021b\u0103 ca urmare a necesit\u0103\u021bii unui site care s\u0103 prezinte evenimentele referitoare la unele festivaluri, loc din care de-a lungul timpului au putut fi desc\u0103rcate gratuit zeci de partituri. Dup\u0103 ce am redactat primele partituri pentru fanfar\u0103 \u00een 1998, \u00een timp am adunat o colec\u021bie mare de c\u00e2nt\u0103ri. A\u0219a am decis prin 2004-2005 realizarea unui site, g\u0103zduit pe un domeniu gratuit, www.brass.lx.ro, site care a str\u00e2ns \u00een jurul lui mul\u021bi instrumenti\u0219ti, dirijori, dar \u0219i c\u00e2\u021biva tineri talenta\u021bi \u00een armonizarea c\u00e2nt\u0103rilor&nbsp; din biserici.<\/sup><\/p>\n\n\n\n<div class=\"wp-block-buttons alignfull is-horizontal is-content-justification-center is-layout-flex wp-container-core-buttons-is-layout-499968f5 wp-block-buttons-is-layout-flex\">\n<div class=\"wp-block-button has-custom-width wp-block-button__width-100 is-style-fill\"><a class=\"wp-block-button__link has-white-color has-text-color has-background no-border-radius wp-element-button\" style=\"background-color:#000000\">\u266b<\/a><\/div>\n<\/div>\n<\/div>\n\n\n\n<div class=\"wp-block-column &lt;b&gt;Brass Band Radio on radio.net&lt;\/b&gt; &lt;script&gt;(function(d, s){if(!window.rel){s = d.createElement(&quot;script&quot;);s.type &quot;text\/javascript&quot;;s.async true;s.id &quot;radio-de-embedded&quot;;s.src &quot;https:\/\/www.radio.net\/inc\/microsite\/js\/full.js&quot;;d.getElementsByTagName(&quot;head&quot;)[0].appendChild(s);window.rel true;}}(document));&lt;\/script&gt; &lt;div class=&quot;ng-app-embedded&quot;&gt;&lt;div ui-view=&quot;&quot; class=&quot;microsite embedded-radio-player&quot; data-playerwidth=&quot;100%&quot; data-playertype=&quot;web_embedded&quot; data-playstation=&quot;brassbandradio&quot; data-autoplay=&quot;false&quot; data-apikey=&quot;df04ff67dd3339a6fc19c9b8be164d5b5245ae93&quot;&gt;&lt;\/div&gt;&lt;\/div&gt;&lt;noscript&gt;&lt;a href=&quot;https:\/\/www.radio.net\/s\/brassbandradio&quot; target=&quot;_blank&quot; rel=&quot;noopener&quot;&gt;Brass radio.net&lt;\/a&gt;&lt;\/noscript&gt; has-text-color has-background has-link-color wp-elements-4f629fcda6b5da9a5aac7f19b62098df is-layout-flow wp-block-column-is-layout-flow\" style=\"color:#000000;background-color:#c0ebf1;padding-top:2em;padding-right:2em;padding-bottom:2em;padding-left:2em\">\n<h2 class=\"wp-block-heading has-text-align-center\" id=\"patron\" style=\"font-size:40px\"><strong>\u266b<\/strong><\/h2>\n\n\n\n<p class=\"has-text-align-center has-normal-font-size\"><strong>Sounds Of Brass<\/strong><\/p>\n\n\n\n<script>(function(d, s){if(!window.rel){s = d.createElement(\"script\");s.type = \"text\/javascript\";s.async = true;s.id = \"radio-de-embedded\";s.src = \"https:\/\/ie.radio.net\/inc\/microsite\/js\/full.js\";d.getElementsByTagName(\"head\")[0].appendChild(s);window.rel = true;}}(document));<\/script>\n    <div class=\"ng-app-embedded\"><div ui-view class=\"microsite embedded-radio-player\" data-playerwidth=\"50%\" data-playertype=\"web_embedded\" data-playstation=\"soundsofbrass\" data-autoplay=\"true\" data-apikey=\"df04ff67dd3339a6fc19c9b8be164d5b5245ae93\"><\/div><\/div><noscript><a href=\"https:\/\/ie.radio.net\/s\/soundsofbrass\" target=\"_blank\">Sounds Of Brass on radio.net<\/a><\/noscript>\n\n\n\n<hr class=\"wp-block-separator has-css-opacity is-style-wide\"\/>\n\n\n\n<p><sup>Site-ul fanfare.ro este online din anul 2007, deci \u00een februarie 2025, anivers\u0103m 18 ani de prezen\u021b\u0103 online.<\/sup><\/p>\n\n\n\n<p><sup>Dac\u0103 ave\u021bi \u00eentreb\u0103ri, nu ezita\u021bi s\u0103 ne contacta\u021bi.<\/sup><\/p>\n\n\n\n<p><\/p>\n\n\n\n<p><\/p>\n\n\n\n<div class=\"wp-block-buttons alignfull is-horizontal is-content-justification-center is-layout-flex wp-container-core-buttons-is-layout-499968f5 wp-block-buttons-is-layout-flex\">\n<div class=\"wp-block-button has-custom-width wp-block-button__width-100\"><a class=\"wp-block-button__link has-white-color has-text-color has-background no-border-radius wp-element-button\" style=\"background-color:#000000\">\u266b<\/a><\/div>\n<\/div>\n<\/div>\n<\/div>\n\n\n\n<div class='anc_6310_main_counter'><div class=\"anc-6310-row\">\r\n    <div class=\"anc-6310-counter-1-paralax\">\r\n        <div class=\"anc-6310-counter-1-common-overlay\">\r\n            <div class=\"anc-6310-counter-1-row\">\r\n                                    <div class=\"anc-6310-col-4\">\r\n                        <div class=\"anc-6310-counter-1\">\r\n                            <div class=\"anc-6310-counter-1-icon\">\r\n                                <i class=\"fas fa-user\"><\/i>\r\n                            <\/div>\r\n                            <div class=\"anc-6310-counter-1-count-content\">\r\n                                <div class=\"anc-6310-counter-1-count-content-inner\">\r\n                                    <div class=\"anc-6310-counter-1-count-number anc-6310-counter-number\" \r\n                                    id=\"anc-6310-1-3\"\r\n                                    data-anc-6310-start=\"0\" \r\n                                    data-anc-6310-end=\"11\" \r\n                                    data-anc-6310-decimal=\"0\" \r\n                                    data-anc-6310-duration=\".5\" \r\n                                    data-anc-6310-thousands-separator=\"\"\r\n                                >\r\n                                        0\r\n                                    <\/div>\r\n                                <\/div>\r\n                            <\/div>\r\n                            <div class=\"anc-6310-counter-1-count-title\">Autori<\/div>\r\n                        <\/div>\r\n                    <\/div>\r\n                                    <div class=\"anc-6310-col-4\">\r\n                        <div class=\"anc-6310-counter-1\">\r\n                            <div class=\"anc-6310-counter-1-icon\">\r\n                                <i class=\"fas fa-volume-up\"><\/i>\r\n                            <\/div>\r\n                            <div class=\"anc-6310-counter-1-count-content\">\r\n                                <div class=\"anc-6310-counter-1-count-content-inner\">\r\n                                    <div class=\"anc-6310-counter-1-count-number anc-6310-counter-number\" \r\n                                    id=\"anc-6310-1-2\"\r\n                                    data-anc-6310-start=\"0\" \r\n                                    data-anc-6310-end=\"241\" \r\n                                    data-anc-6310-decimal=\"0\" \r\n                                    data-anc-6310-duration=\".5\" \r\n                                    data-anc-6310-thousands-separator=\"\"\r\n                                >\r\n                                        0\r\n                                    <\/div>\r\n                                <\/div>\r\n                            <\/div>\r\n                            <div class=\"anc-6310-counter-1-count-title\">Audio<\/div>\r\n                        <\/div>\r\n                    <\/div>\r\n                                    <div class=\"anc-6310-col-4\">\r\n                        <div class=\"anc-6310-counter-1\">\r\n                            <div class=\"anc-6310-counter-1-icon\">\r\n                                <i class=\"fas fa-wifi\"><\/i>\r\n                            <\/div>\r\n                            <div class=\"anc-6310-counter-1-count-content\">\r\n                                <div class=\"anc-6310-counter-1-count-content-inner\">\r\n                                    <div class=\"anc-6310-counter-1-count-number anc-6310-counter-number\" \r\n                                    id=\"anc-6310-1-1\"\r\n                                    data-anc-6310-start=\"0\" \r\n                                    data-anc-6310-end=\"2025\" \r\n                                    data-anc-6310-decimal=\"0\" \r\n                                    data-anc-6310-duration=\".5\" \r\n                                    data-anc-6310-thousands-separator=\"\"\r\n                                >\r\n                                        0\r\n                                    <\/div>\r\n                                <\/div>\r\n                            <\/div>\r\n                            <div class=\"anc-6310-counter-1-count-title\">Online<\/div>\r\n                        <\/div>\r\n                    <\/div>\r\n                                    <div class=\"anc-6310-col-4\">\r\n                        <div class=\"anc-6310-counter-1\">\r\n                            <div class=\"anc-6310-counter-1-icon\">\r\n                                <i class=\"fas fa-book-open\"><\/i>\r\n                            <\/div>\r\n                            <div class=\"anc-6310-counter-1-count-content\">\r\n                                <div class=\"anc-6310-counter-1-count-content-inner\">\r\n                                    <div class=\"anc-6310-counter-1-count-number anc-6310-counter-number\" \r\n                                    id=\"anc-6310-1-4\"\r\n                                    data-anc-6310-start=\"0\" \r\n                                    data-anc-6310-end=\"550\" \r\n                                    data-anc-6310-decimal=\"0\" \r\n                                    data-anc-6310-duration=\".5\" \r\n                                    data-anc-6310-thousands-separator=\"\"\r\n                                >\r\n                                        0\r\n                                    <\/div>\r\n                                <\/div>\r\n                            <\/div>\r\n                            <div class=\"anc-6310-counter-1-count-title\">Partituri<\/div>\r\n                        <\/div>\r\n                    <\/div>\r\n                            <\/div>\r\n        <\/div>\r\n    <\/div>\r\n<\/div>\r\n<\/div>\n\n\n\n<div class=\"wp-block-columns is-layout-flex wp-container-core-columns-is-layout-9d6595d7 wp-block-columns-is-layout-flex\">\n<div class=\"wp-block-column is-layout-flow wp-block-column-is-layout-flow\">\n<p class=\"has-black-color has-text-color has-background\" style=\"background:radial-gradient(rgba(252,185,0,1) 0%,rgba(255,105,0,1) 100%)\"><strong>Despre noi<\/strong><\/p>\n\n\n\n<p>Suntem un grup de iubitori ai muzicii de fanfara cre\u0219tin\u0103, \u00eencerc\u00e2nd s\u0103 promov\u0103m acest mod de \u00eenchinare \u00een biserici.<\/p>\n\n\n\n<p>Activitatea de redactare a \u00eenceput \u00een anul 1998, c\u00e2nd am redactat primele partituri pentru fanfar\u0103. Softurile de editare erau la nivel basic, dar utile.<\/p>\n\n\n\n<p>Site-ul fanfare.ro este online din anul 2007, luna februarie.<\/p>\n<\/div>\n\n\n\n<div class=\"wp-block-column is-layout-flow wp-block-column-is-layout-flow\">\n<p class=\"has-black-color has-text-color has-background\" style=\"background:radial-gradient(rgba(252,185,0,1) 0%,rgba(255,105,0,1) 100%)\"><strong>Tehnoredactare<\/strong><\/p>\n\n\n\n<p><strong>Redactare&nbsp;partituri la comand\u0103<\/strong><\/p>\n\n\n\n<p>Multe din partiturile&nbsp;fanfarelor sunt scrise de m\u00e2n\u0103, scrise cite\u021b sau mai pu\u021bin cite\u021b. Pentru a nu se pierde aceste orchestra\u021bii pe care le \u00eendr\u0103gim at\u00e2t de mult, va oferim aceste servicii de&nbsp;transcriere manuscrise. Formatul fi\u0219ierelor va fi \u00een pdf (portable document file), sau format editabil, sib. <\/p>\n\n\n\n<p><\/p>\n\n\n\n<p><\/p>\n<\/div>\n\n\n\n<div class=\"wp-block-column is-layout-flow wp-block-column-is-layout-flow\">\n<figure class=\"wp-block-embed is-type-video is-provider-youtube wp-block-embed-youtube wp-embed-aspect-16-9 wp-has-aspect-ratio\"><div class=\"wp-block-embed__wrapper\">\n<div class=\"jetpack-video-wrapper\"><iframe loading=\"lazy\" title=\"Festivalul fanfarelor cre\u0219tine - SOLI DEO GLORIA\" width=\"640\" height=\"360\" src=\"https:\/\/www.youtube.com\/embed\/4lqJQcotMko?feature=oembed\" frameborder=\"0\" allow=\"accelerometer; autoplay; clipboard-write; encrypted-media; gyroscope; picture-in-picture; web-share\" referrerpolicy=\"strict-origin-when-cross-origin\" allowfullscreen><\/iframe><\/div>\n<\/div><\/figure>\n\n\n\n<p>Festivalul coincide cu s\u0103rb\u0103torirea centenarului Fanfarei \u201eProviden\u0163a\u201d din Tulca. Duminic\u0103, 16 octombrie 2011, \u00een cadrul serviciilor divine din biseric\u0103, Fanfara \u201eProviden\u0163a\u201d va marca \u00eemplinirea a 100 de ani de laud\u0103 \u015fi \u00eenchinare aduse Domnului nostru Isus Hristos, prin sunetul instrumentelor de alam\u0103 ale tulcanilor.&nbsp;<\/p>\n<\/div>\n<\/div>\n","protected":false},"excerpt":{"rendered":"<p>\u266b Sunte\u021bi bineveni\u021bi Dac\u0103 v\u0103 place muzica de fanfara \u0219i \u00eenchinarea \u00een biseric\u0103, v\u0103 invit\u0103m s\u0103 r\u0103sfoi\u021bi acest site. Promov\u0103m evenimente, aranjamente muzic\u0103 de fanfar\u0103, anun\u021buri v\u00e2nzare-cump\u0103rare instrumente, dar \u015fi partituri pentru cei care doresc s\u0103 c\u00e2nte lauda lui Dumnezeu, folosind instrumentele de fanfar\u0103. Unele din c\u00e2nt\u0103rile prezentate pe site, sunt cele la care avem&#8230;<\/p>\n","protected":false},"author":1,"featured_media":0,"parent":0,"menu_order":0,"comment_status":"closed","ping_status":"closed","template":"","meta":{"footnotes":""},"class_list":["post-2","page","type-page","status-publish","hentry"],"jetpack_sharing_enabled":true,"_links":{"self":[{"href":"https:\/\/fanfare.ro\/index.php?rest_route=\/wp\/v2\/pages\/2","targetHints":{"allow":["GET"]}}],"collection":[{"href":"https:\/\/fanfare.ro\/index.php?rest_route=\/wp\/v2\/pages"}],"about":[{"href":"https:\/\/fanfare.ro\/index.php?rest_route=\/wp\/v2\/types\/page"}],"author":[{"embeddable":true,"href":"https:\/\/fanfare.ro\/index.php?rest_route=\/wp\/v2\/users\/1"}],"replies":[{"embeddable":true,"href":"https:\/\/fanfare.ro\/index.php?rest_route=%2Fwp%2Fv2%2Fcomments&post=2"}],"version-history":[{"count":108,"href":"https:\/\/fanfare.ro\/index.php?rest_route=\/wp\/v2\/pages\/2\/revisions"}],"predecessor-version":[{"id":2297,"href":"https:\/\/fanfare.ro\/index.php?rest_route=\/wp\/v2\/pages\/2\/revisions\/2297"}],"wp:attachment":[{"href":"https:\/\/fanfare.ro\/index.php?rest_route=%2Fwp%2Fv2%2Fmedia&parent=2"}],"curies":[{"name":"wp","href":"https:\/\/api.w.org\/{rel}","templated":true}]}}