{"id":488,"date":"2021-12-21T19:30:38","date_gmt":"2021-12-21T19:30:38","guid":{"rendered":"https:\/\/fanfare.ro\/causes\/"},"modified":"2025-05-11T09:31:53","modified_gmt":"2025-05-11T09:31:53","slug":"funebre","status":"publish","type":"page","link":"https:\/\/fanfare.ro\/?page_id=488","title":{"rendered":"Funebre"},"content":{"rendered":"\n<h3>Partituri <span style=\"color: #feb209;\">Fanfara<\/span><\/h3>\n\n\n<div class=\"wp-playlist wp-audio-playlist wp-playlist-light\">\n\t\t\t<div class=\"wp-playlist-current-item\"><\/div>\n\t\t<audio controls=\"controls\" preload=\"none\" width=\"618\"\n\t\t\t><\/audio>\n\t<div class=\"wp-playlist-next\"><\/div>\n\t<div class=\"wp-playlist-prev\"><\/div>\n\t<noscript>\n\t<ol>\n\t\t<li><a href='https:\/\/fanfare.ro\/wp-content\/uploads\/2023\/02\/Fanfara-Detroit-Padurea-Libanului.mp3'>Fanfara Detroit - Padurea Libanului<\/a><\/li><li><a href='https:\/\/fanfare.ro\/wp-content\/uploads\/2023\/02\/Fanfara-Militara-Inmormantare.mp3'>Fanfara Militara - Il Silenzio - Inmormantare<\/a><\/li><li><a href='https:\/\/fanfare.ro\/wp-content\/uploads\/2023\/02\/Imnul-Eroilor.mp3'>Imnul eroilor<\/a><\/li><li><a href='https:\/\/fanfare.ro\/wp-content\/uploads\/2023\/02\/Mars-Funebru-147.mp3'>Mars Funebru #147<\/a><\/li><li><a href='https:\/\/fanfare.ro\/wp-content\/uploads\/2025\/03\/Nearer-my-God-to-Thee-Fanfara-Providenta-Tulca-1.mp3'>Nearer my God to Thee - Fanfara Providen\u021ba Tulca<\/a><\/li><li><a href='https:\/\/fanfare.ro\/wp-content\/uploads\/2023\/02\/Precum-trec-stelele.mp3'>Precum trec stelele str\u0103lucitoare<\/a><\/li><li><a href='https:\/\/fanfare.ro\/wp-content\/uploads\/2023\/02\/Psalmul-1.mp3'>Psalmul 1<\/a><\/li><li><a href='https:\/\/fanfare.ro\/wp-content\/uploads\/2023\/02\/Tatal-Nostru.mp3'>Tatal nostru<\/a><\/li><li><a href='https:\/\/fanfare.ro\/wp-content\/uploads\/2023\/02\/Trambita-apocalipsei.-Mars-funebru.mp3'>Trambita apocalipsei. Mars funebru<\/a><\/li><li><a href='https:\/\/fanfare.ro\/wp-content\/uploads\/2023\/02\/Valurile-Minunate.mp3'>Valurile Minunate<\/a><\/li><li><a href='https:\/\/fanfare.ro\/wp-content\/uploads\/2025\/05\/La-Cele-Tarmuri-mars-funebru-Brandon-Giurgiu.mp3'>Fanfara (Mars Funebru) La Cele Tarmuri<\/a><\/li>\t<\/ol>\n\t<\/noscript>\n\t<script type=\"application\/json\" class=\"wp-playlist-script\">{\"type\":\"audio\",\"tracklist\":true,\"tracknumbers\":true,\"images\":false,\"artists\":true,\"tracks\":[{\"src\":\"https:\/\/fanfare.ro\/wp-content\/uploads\/2023\/02\/Fanfara-Detroit-Padurea-Libanului.mp3\",\"type\":\"audio\/mpeg\",\"title\":\"Fanfara Detroit - Padurea Libanului\",\"caption\":\"\",\"description\":\"\\u201eFanfara Detroit - Padurea Libanului\\u201d.\",\"meta\":{\"length_formatted\":\"6:40\"},\"image\":{\"src\":\"https:\/\/fanfare.ro\/wp-includes\/images\/media\/audio.svg\",\"width\":48,\"height\":64},\"thumb\":{\"src\":\"https:\/\/fanfare.ro\/wp-includes\/images\/media\/audio.svg\",\"width\":48,\"height\":64}},{\"src\":\"https:\/\/fanfare.ro\/wp-content\/uploads\/2023\/02\/Fanfara-Militara-Inmormantare.mp3\",\"type\":\"audio\/mpeg\",\"title\":\"Fanfara Militara - Il Silenzio - Inmormantare\",\"caption\":\"\",\"description\":\"\\u201eFanfara Militara - Inmormantare\\u201d.\",\"meta\":{\"length_formatted\":\"2:59\"},\"image\":{\"src\":\"https:\/\/fanfare.ro\/wp-includes\/images\/media\/audio.svg\",\"width\":48,\"height\":64},\"thumb\":{\"src\":\"https:\/\/fanfare.ro\/wp-includes\/images\/media\/audio.svg\",\"width\":48,\"height\":64}},{\"src\":\"https:\/\/fanfare.ro\/wp-content\/uploads\/2023\/02\/Imnul-Eroilor.mp3\",\"type\":\"audio\/mpeg\",\"title\":\"Imnul eroilor\",\"caption\":\"\",\"description\":\"\\u201eImnul eroilor\\u201d. Lansat: 2004. Melodia 7. Gen: Classical.\",\"meta\":{\"genre\":\"Classical\",\"year\":\"2004\",\"length_formatted\":\"18:34\"},\"image\":{\"src\":\"https:\/\/fanfare.ro\/wp-includes\/images\/media\/audio.svg\",\"width\":48,\"height\":64},\"thumb\":{\"src\":\"https:\/\/fanfare.ro\/wp-includes\/images\/media\/audio.svg\",\"width\":48,\"height\":64}},{\"src\":\"https:\/\/fanfare.ro\/wp-content\/uploads\/2023\/02\/Mars-Funebru-147.mp3\",\"type\":\"audio\/mpeg\",\"title\":\"Mars Funebru #147\",\"caption\":\"\",\"description\":\"\\u201eMars Funebru #147\\u201d din Golgota a lui Fanfara Detroit-Pardee.\",\"meta\":{\"artist\":\"Fanfara Detroit-Pardee\",\"album\":\"Golgota\",\"length_formatted\":\"4:28\"},\"image\":{\"src\":\"https:\/\/fanfare.ro\/wp-includes\/images\/media\/audio.svg\",\"width\":48,\"height\":64},\"thumb\":{\"src\":\"https:\/\/fanfare.ro\/wp-includes\/images\/media\/audio.svg\",\"width\":48,\"height\":64}},{\"src\":\"https:\/\/fanfare.ro\/wp-content\/uploads\/2025\/03\/Nearer-my-God-to-Thee-Fanfara-Providenta-Tulca-1.mp3\",\"type\":\"audio\/mpeg\",\"title\":\"Nearer my God to Thee - Fanfara Providen\\u021ba Tulca\",\"caption\":\"\",\"description\":\"\\u201eNearer my God to Thee - Fanfara Providen\\u021ba Tulca\\u201d.\",\"meta\":{\"length_formatted\":\"3:40\"},\"image\":{\"src\":\"https:\/\/fanfare.ro\/wp-content\/uploads\/2025\/03\/Nearer-my-God-to-Thee-Fanfara-Providenta-Tulca-mp3-image.jpg\",\"width\":320,\"height\":240},\"thumb\":{\"src\":\"https:\/\/fanfare.ro\/wp-content\/uploads\/2025\/03\/Nearer-my-God-to-Thee-Fanfara-Providenta-Tulca-mp3-image-150x150.jpg\",\"width\":150,\"height\":150}},{\"src\":\"https:\/\/fanfare.ro\/wp-content\/uploads\/2023\/02\/Precum-trec-stelele.mp3\",\"type\":\"audio\/mpeg\",\"title\":\"Precum trec stelele str\\u0103lucitoare\",\"caption\":\"\",\"description\":\"\\u201eTrack 7\\u201d din Album a lui Unknown artist. Melodia 7.\",\"meta\":{\"artist\":\"Unknown artist\",\"album\":\"Album\",\"length_formatted\":\"2:26\"},\"image\":{\"src\":\"https:\/\/fanfare.ro\/wp-includes\/images\/media\/audio.svg\",\"width\":48,\"height\":64},\"thumb\":{\"src\":\"https:\/\/fanfare.ro\/wp-includes\/images\/media\/audio.svg\",\"width\":48,\"height\":64}},{\"src\":\"https:\/\/fanfare.ro\/wp-content\/uploads\/2023\/02\/Psalmul-1.mp3\",\"type\":\"audio\/mpeg\",\"title\":\"Psalmul 1\",\"caption\":\"\",\"description\":\"\\u201ePsalmul 1\\u201d din Fanfara a lui Arad 2004. Melodia 1.\",\"meta\":{\"artist\":\"Arad 2004\",\"album\":\"Fanfara\",\"length_formatted\":\"5:35\"},\"image\":{\"src\":\"https:\/\/fanfare.ro\/wp-includes\/images\/media\/audio.svg\",\"width\":48,\"height\":64},\"thumb\":{\"src\":\"https:\/\/fanfare.ro\/wp-includes\/images\/media\/audio.svg\",\"width\":48,\"height\":64}},{\"src\":\"https:\/\/fanfare.ro\/wp-content\/uploads\/2023\/02\/Tatal-Nostru.mp3\",\"type\":\"audio\/mpeg\",\"title\":\"Tatal nostru\",\"caption\":\"\",\"description\":\"\\u201eTatal nostru\\u201d din Fanfara a lui Arad 2004. Melodia 2.\",\"meta\":{\"artist\":\"Arad 2004\",\"album\":\"Fanfara\",\"length_formatted\":\"3:45\"},\"image\":{\"src\":\"https:\/\/fanfare.ro\/wp-includes\/images\/media\/audio.svg\",\"width\":48,\"height\":64},\"thumb\":{\"src\":\"https:\/\/fanfare.ro\/wp-includes\/images\/media\/audio.svg\",\"width\":48,\"height\":64}},{\"src\":\"https:\/\/fanfare.ro\/wp-content\/uploads\/2023\/02\/Trambita-apocalipsei.-Mars-funebru.mp3\",\"type\":\"audio\/mpeg\",\"title\":\"Trambita apocalipsei. Mars funebru\",\"caption\":\"\",\"description\":\"\\u201eTrambita apocalipsei. Mars funebru\\u201d.\",\"meta\":{\"length_formatted\":\"1:18\"},\"image\":{\"src\":\"https:\/\/fanfare.ro\/wp-includes\/images\/media\/audio.svg\",\"width\":48,\"height\":64},\"thumb\":{\"src\":\"https:\/\/fanfare.ro\/wp-includes\/images\/media\/audio.svg\",\"width\":48,\"height\":64}},{\"src\":\"https:\/\/fanfare.ro\/wp-content\/uploads\/2023\/02\/Valurile-Minunate.mp3\",\"type\":\"audio\/mpeg\",\"title\":\"Valurile Minunate\",\"caption\":\"\",\"description\":\"\\u201eValurile Minunate\\u201d din Golgota a lui Fanfara Detroit-Pardee.\",\"meta\":{\"artist\":\"Fanfara Detroit-Pardee\",\"album\":\"Golgota\",\"length_formatted\":\"8:02\"},\"image\":{\"src\":\"https:\/\/fanfare.ro\/wp-includes\/images\/media\/audio.svg\",\"width\":48,\"height\":64},\"thumb\":{\"src\":\"https:\/\/fanfare.ro\/wp-includes\/images\/media\/audio.svg\",\"width\":48,\"height\":64}},{\"src\":\"https:\/\/fanfare.ro\/wp-content\/uploads\/2025\/05\/La-Cele-Tarmuri-mars-funebru-Brandon-Giurgiu.mp3\",\"type\":\"audio\/mpeg\",\"title\":\"Fanfara (Mars Funebru) La Cele Tarmuri\",\"caption\":\"\",\"description\":\"\\u201eFanfara (Mars Funebru) La Cele Tarmuri\\u201d a lui Laurent Couson.\",\"meta\":{\"artist\":\"Laurent Couson\",\"length_formatted\":\"5:01\"},\"image\":{\"src\":\"https:\/\/fanfare.ro\/wp-content\/uploads\/2025\/05\/La-Cele-Tarmuri-mars-funebru-Brandon-Giurgiu-mp3-image.jpg\",\"width\":320,\"height\":240},\"thumb\":{\"src\":\"https:\/\/fanfare.ro\/wp-content\/uploads\/2025\/05\/La-Cele-Tarmuri-mars-funebru-Brandon-Giurgiu-mp3-image-150x150.jpg\",\"width\":150,\"height\":150}}]}<\/script>\n<\/div>\n\t\n\n\n<p><sup>Melodiile pot fi salvate \u00een calculator f\u0103c\u00e2nd click dreapta pe c\u00e2ntare &#8211; Salveaz\u0103 linkul ca (Save target as)&#8230;<\/sup><\/p>\n\n\n\n<figure class=\"wp-block-embed is-type-video is-provider-youtube wp-block-embed-youtube wp-embed-aspect-16-9 wp-has-aspect-ratio\"><div class=\"wp-block-embed__wrapper\">\n<div class=\"jetpack-video-wrapper\"><iframe loading=\"lazy\" title=\"La Cele Tarmuri (Bb Trombone 1 Play-Along)\" width=\"640\" height=\"360\" src=\"https:\/\/www.youtube.com\/embed\/9anSoJbg_Dc?feature=oembed\" frameborder=\"0\" allow=\"accelerometer; autoplay; clipboard-write; encrypted-media; gyroscope; picture-in-picture; web-share\" referrerpolicy=\"strict-origin-when-cross-origin\" allowfullscreen><\/iframe><\/div>\n<\/div><\/figure>\n","protected":false},"excerpt":{"rendered":"<p>Partituri Fanfara Melodiile pot fi salvate \u00een calculator f\u0103c\u00e2nd click dreapta pe c\u00e2ntare &#8211; Salveaz\u0103 linkul ca (Save target as)&#8230;<\/p>\n","protected":false},"author":1,"featured_media":0,"parent":0,"menu_order":0,"comment_status":"closed","ping_status":"closed","template":"","meta":{"footnotes":""},"class_list":["post-488","page","type-page","status-publish","hentry"],"jetpack_sharing_enabled":true,"_links":{"self":[{"href":"https:\/\/fanfare.ro\/index.php?rest_route=\/wp\/v2\/pages\/488","targetHints":{"allow":["GET"]}}],"collection":[{"href":"https:\/\/fanfare.ro\/index.php?rest_route=\/wp\/v2\/pages"}],"about":[{"href":"https:\/\/fanfare.ro\/index.php?rest_route=\/wp\/v2\/types\/page"}],"author":[{"embeddable":true,"href":"https:\/\/fanfare.ro\/index.php?rest_route=\/wp\/v2\/users\/1"}],"replies":[{"embeddable":true,"href":"https:\/\/fanfare.ro\/index.php?rest_route=%2Fwp%2Fv2%2Fcomments&post=488"}],"version-history":[{"count":3,"href":"https:\/\/fanfare.ro\/index.php?rest_route=\/wp\/v2\/pages\/488\/revisions"}],"predecessor-version":[{"id":2160,"href":"https:\/\/fanfare.ro\/index.php?rest_route=\/wp\/v2\/pages\/488\/revisions\/2160"}],"wp:attachment":[{"href":"https:\/\/fanfare.ro\/index.php?rest_route=%2Fwp%2Fv2%2Fmedia&parent=488"}],"curies":[{"name":"wp","href":"https:\/\/api.w.org\/{rel}","templated":true}]}}