{"id":920,"date":"2021-12-22T12:12:45","date_gmt":"2021-12-22T10:12:45","guid":{"rendered":"https:\/\/fanfare.ro\/causes\/"},"modified":"2021-12-22T12:12:45","modified_gmt":"2021-12-22T10:12:45","slug":"liviu-foltut","status":"publish","type":"page","link":"https:\/\/fanfare.ro\/?page_id=920","title":{"rendered":"Liviu Foltu\u021b"},"content":{"rendered":"\n\n\n\n\n\n\n\n\n\n\n\n\n\n\n\n\n\n\n\n\n\n\n\n\n\n\n<h3>Partituri <span style=\"color: #feb209;\">Fanfara &#8211; Liviu Foltu\u021b<\/span><\/h3>\n\n\n\n<p style=\"text-align: center;\">Pentru a solicita partituri ale c\u00e2nt\u0103rilor prezentate pe acest site, v\u0103 rug\u0103m s\u0103 trimite\u0163i un mesaj la adresa de email fanfare.ro@gmail.com .<\/p>\n\n\n\n\n<h3>Partituri <span style=\"color: #feb209;\">Cr\u0103ciun &#8211; Liviu Foltu\u021b<\/span><\/h3>\n\n\n\n\n<p style=\"text-align: center; font-size: 13px;\">FanFare.Ro &#8211; 2021<\/p>\n\n<p>&nbsp;<\/p>","protected":false},"excerpt":{"rendered":"<p>&nbsp;<\/p>\n","protected":false},"author":1,"featured_media":0,"parent":0,"menu_order":0,"comment_status":"closed","ping_status":"closed","template":"","meta":{"footnotes":""},"class_list":["post-920","page","type-page","status-publish","hentry"],"jetpack_sharing_enabled":true,"_links":{"self":[{"href":"https:\/\/fanfare.ro\/index.php?rest_route=\/wp\/v2\/pages\/920","targetHints":{"allow":["GET"]}}],"collection":[{"href":"https:\/\/fanfare.ro\/index.php?rest_route=\/wp\/v2\/pages"}],"about":[{"href":"https:\/\/fanfare.ro\/index.php?rest_route=\/wp\/v2\/types\/page"}],"author":[{"embeddable":true,"href":"https:\/\/fanfare.ro\/index.php?rest_route=\/wp\/v2\/users\/1"}],"replies":[{"embeddable":true,"href":"https:\/\/fanfare.ro\/index.php?rest_route=%2Fwp%2Fv2%2Fcomments&post=920"}],"version-history":[{"count":0,"href":"https:\/\/fanfare.ro\/index.php?rest_route=\/wp\/v2\/pages\/920\/revisions"}],"wp:attachment":[{"href":"https:\/\/fanfare.ro\/index.php?rest_route=%2Fwp%2Fv2%2Fmedia&parent=920"}],"curies":[{"name":"wp","href":"https:\/\/api.w.org\/{rel}","templated":true}]}}